{"id":16,"date":"2025-09-18T08:37:09","date_gmt":"2025-09-18T08:37:09","guid":{"rendered":"https:\/\/next39809.elev.nextkbh.dk\/?page_id=16"},"modified":"2025-12-10T10:26:20","modified_gmt":"2025-12-10T10:26:20","slug":"om-mig","status":"publish","type":"page","link":"https:\/\/next39809.elev.nextkbh.dk\/?page_id=16","title":{"rendered":"Om mig"},"content":{"rendered":"<div class=\"wp-block-image\">\n<figure class=\"alignleft size-large is-resized\"><img loading=\"lazy\" decoding=\"async\" width=\"1024\" height=\"996\" src=\"https:\/\/next39809.elev.nextkbh.dk\/wp-content\/uploads\/2025\/09\/Untitled-2-1-1024x996.png\" alt=\"\" class=\"wp-image-94\" style=\"width:347px;height:auto\" srcset=\"https:\/\/next39809.elev.nextkbh.dk\/wp-content\/uploads\/2025\/09\/Untitled-2-1-1024x996.png 1024w, https:\/\/next39809.elev.nextkbh.dk\/wp-content\/uploads\/2025\/09\/Untitled-2-1-300x292.png 300w, https:\/\/next39809.elev.nextkbh.dk\/wp-content\/uploads\/2025\/09\/Untitled-2-1-768x747.png 768w, https:\/\/next39809.elev.nextkbh.dk\/wp-content\/uploads\/2025\/09\/Untitled-2-1.png 1190w\" sizes=\"auto, (max-width: 1024px) 100vw, 1024px\" \/><\/figure><\/div>\n\n\n<p class=\"has-text-align-right\">Jeg hedder Rebecca, og jeg g\u00e5r p\u00e5 grundforl\u00f8b 2 som mediegrafiker. <\/p>\n\n\n\n<p class=\"has-text-align-right\">Jeg interesserer mig bredt for faget: plakater, hjemmesider, bogomslag, print og digitalt design. Jeg trives med at arbejde fokuseret og dykke ned i de sm\u00e5 ting, som mange m\u00e5ske overser, men som for mig er det, der g\u00f8r en forskel. Uden for designverdenen kan jeg godt lide at l\u00e6se, f\u00f8lge Formel 1 og lave andre krea projekter.<\/p>\n\n\n\n<p class=\"has-text-align-right\">Jeg er p\u00e5 udkig efter en l\u00e6replads, hvor jeg kan udvikle mig fagligt, l\u00e6re af erfarne mennesker og bidrage med mit engagement, min ro og min sans for detaljer.<\/p>\n\n\n\n<p class=\"has-text-align-right\"><a href=\"https:\/\/next39809.elev.nextkbh.dk\/?page_id=57\" data-type=\"page\" data-id=\"57\">Kontakt mig her<\/a><\/p>\n","protected":false},"excerpt":{"rendered":"<p>Jeg hedder Rebecca, og jeg g\u00e5r p\u00e5 grundforl\u00f8b 2 som mediegrafiker. Jeg interesserer mig bredt for faget: plakater, hjemmesider, bogomslag, print og digitalt design. Jeg trives med at arbejde fokuseret og dykke ned i de sm\u00e5 ting, som mange m\u00e5ske overser, men som for mig er det, der g\u00f8r en forskel. Uden for designverdenen kan [&hellip;]<\/p>\n","protected":false},"author":1,"featured_media":0,"parent":0,"menu_order":2,"comment_status":"closed","ping_status":"closed","template":"","meta":{"footnotes":""},"class_list":["post-16","page","type-page","status-publish","hentry"],"_links":{"self":[{"href":"https:\/\/next39809.elev.nextkbh.dk\/index.php?rest_route=\/wp\/v2\/pages\/16","targetHints":{"allow":["GET"]}}],"collection":[{"href":"https:\/\/next39809.elev.nextkbh.dk\/index.php?rest_route=\/wp\/v2\/pages"}],"about":[{"href":"https:\/\/next39809.elev.nextkbh.dk\/index.php?rest_route=\/wp\/v2\/types\/page"}],"author":[{"embeddable":true,"href":"https:\/\/next39809.elev.nextkbh.dk\/index.php?rest_route=\/wp\/v2\/users\/1"}],"replies":[{"embeddable":true,"href":"https:\/\/next39809.elev.nextkbh.dk\/index.php?rest_route=%2Fwp%2Fv2%2Fcomments&post=16"}],"version-history":[{"count":11,"href":"https:\/\/next39809.elev.nextkbh.dk\/index.php?rest_route=\/wp\/v2\/pages\/16\/revisions"}],"predecessor-version":[{"id":409,"href":"https:\/\/next39809.elev.nextkbh.dk\/index.php?rest_route=\/wp\/v2\/pages\/16\/revisions\/409"}],"wp:attachment":[{"href":"https:\/\/next39809.elev.nextkbh.dk\/index.php?rest_route=%2Fwp%2Fv2%2Fmedia&parent=16"}],"curies":[{"name":"wp","href":"https:\/\/api.w.org\/{rel}","templated":true}]}}