{"id":100,"date":"2025-09-18T10:53:22","date_gmt":"2025-09-18T10:53:22","guid":{"rendered":"https:\/\/next39809.elev.nextkbh.dk\/?page_id=100"},"modified":"2025-12-11T18:09:08","modified_gmt":"2025-12-11T18:09:08","slug":"projekt-1","status":"publish","type":"page","link":"https:\/\/next39809.elev.nextkbh.dk\/?page_id=100","title":{"rendered":"National museum plakat"},"content":{"rendered":"\n<p class=\"has-normal-font-size\">Opgave beskrivelse i mere dybde<\/p>\n\n\n\n<figure class=\"wp-block-image size-full is-resized\"><img loading=\"lazy\" decoding=\"async\" width=\"482\" height=\"675\" src=\"https:\/\/next39809.elev.nextkbh.dk\/wp-content\/uploads\/2025\/09\/Skaermbillede-2025-09-18-105039-1.png\" alt=\"\" class=\"wp-image-110\" style=\"width:610px;height:auto\" srcset=\"https:\/\/next39809.elev.nextkbh.dk\/wp-content\/uploads\/2025\/09\/Skaermbillede-2025-09-18-105039-1.png 482w, https:\/\/next39809.elev.nextkbh.dk\/wp-content\/uploads\/2025\/09\/Skaermbillede-2025-09-18-105039-1-214x300.png 214w\" sizes=\"auto, (max-width: 482px) 100vw, 482px\" \/><\/figure>\n\n\n\n<p><\/p>\n\n\n\n<div class=\"wp-block-media-text is-stacked-on-mobile\"><figure class=\"wp-block-media-text__media\"><img loading=\"lazy\" decoding=\"async\" width=\"768\" height=\"1024\" src=\"https:\/\/next39809.elev.nextkbh.dk\/wp-content\/uploads\/2025\/09\/1000015558-1-768x1024.jpg\" alt=\"\" class=\"wp-image-158 size-full\" srcset=\"https:\/\/next39809.elev.nextkbh.dk\/wp-content\/uploads\/2025\/09\/1000015558-1-768x1024.jpg 768w, https:\/\/next39809.elev.nextkbh.dk\/wp-content\/uploads\/2025\/09\/1000015558-1-225x300.jpg 225w, https:\/\/next39809.elev.nextkbh.dk\/wp-content\/uploads\/2025\/09\/1000015558-1-1152x1536.jpg 1152w, https:\/\/next39809.elev.nextkbh.dk\/wp-content\/uploads\/2025\/09\/1000015558-1-1536x2048.jpg 1536w, https:\/\/next39809.elev.nextkbh.dk\/wp-content\/uploads\/2025\/09\/1000015558-1-1200x1600.jpg 1200w, https:\/\/next39809.elev.nextkbh.dk\/wp-content\/uploads\/2025\/09\/1000015558-1-1980x2640.jpg 1980w, https:\/\/next39809.elev.nextkbh.dk\/wp-content\/uploads\/2025\/09\/1000015558-1-scaled.jpg 1920w\" sizes=\"auto, (max-width: 768px) 100vw, 768px\" \/><\/figure><div class=\"wp-block-media-text__content\">\n<p>I denne opgave skulle jeg design en plakat til Nationalmuesset med temaet &#8220;Danskernes N\u00e6rmilj\u00f8&#8221;.<br><br>Form\u00e5let var at skabe et visuelt indblik i hverdagen d\u00e9r, hvor man bor, og vise et personeligt perspektiv p\u00e5 det n\u00e6re milj\u00f8 gennem design og formidling<br><br>Plakaten skulle udf\u00f8res som vektorgrafik i Adobe Illustrator og designes ud fra grafiske principper som gestaltlove, komposition og typografi. Derudover skulle der indg\u00e5 noget tekst og logo, s\u00e5 resultatet fungerede som en professionel museumsplakat.<br><br>Plakaten skulle ogs\u00e5 v\u00e6re inspireret af en stilperiode af eget valg som fx Art Deco, Bauhaus eller Modernisme.<\/p>\n\n\n\n<p><\/p>\n<\/div><\/div>\n\n\n\n<div class=\"wp-block-media-text has-media-on-the-right is-stacked-on-mobile\"><div class=\"wp-block-media-text__content\">\n<p>Jeg valgte at tage udgangspunkt i et sted p\u00e5 Vestre Kirkeg\u00e5rd i Sydhavnen som hedder &#8220;troldetr\u00e6erne&#8221; &#8211; noget jeg forbinder<\/p>\n\n\n\n<p>med ro, natur og hverdag.<\/p>\n\n\n\n<p>Som visuel inspiration valgte jeg Art Nouveau, en stilperiode kendt for sine organiske former, kurvede linjer og dekoraktive udtryk.<\/p>\n\n\n\n<p>Jeg arbejdede med at forene naturmotiverne fra stedet med den flydende \u00e6stetik og ornamentalitet fra Art Nouveau,<\/p>\n\n\n\n<p>s\u00e5 plakaten fik et udtryk, der b\u00e5de f\u00f8les levende og stemningsfuldt.<\/p>\n\n\n\n<p>Farverne blev afd\u00e6mede, men varme &#8211; meget passende til efter\u00e5ret. Kompositionen balancere mellem ro og bev\u00e6gelse<\/p>\n<\/div><figure class=\"wp-block-media-text__media\"><img loading=\"lazy\" decoding=\"async\" width=\"768\" height=\"1024\" src=\"https:\/\/next39809.elev.nextkbh.dk\/wp-content\/uploads\/2025\/09\/1000015696-3-768x1024.jpg\" alt=\"\" class=\"wp-image-185 size-full\" srcset=\"https:\/\/next39809.elev.nextkbh.dk\/wp-content\/uploads\/2025\/09\/1000015696-3-768x1024.jpg 768w, https:\/\/next39809.elev.nextkbh.dk\/wp-content\/uploads\/2025\/09\/1000015696-3-225x300.jpg 225w, https:\/\/next39809.elev.nextkbh.dk\/wp-content\/uploads\/2025\/09\/1000015696-3-1152x1536.jpg 1152w, https:\/\/next39809.elev.nextkbh.dk\/wp-content\/uploads\/2025\/09\/1000015696-3-1536x2048.jpg 1536w, https:\/\/next39809.elev.nextkbh.dk\/wp-content\/uploads\/2025\/09\/1000015696-3-1200x1600.jpg 1200w, https:\/\/next39809.elev.nextkbh.dk\/wp-content\/uploads\/2025\/09\/1000015696-3-1980x2640.jpg 1980w, https:\/\/next39809.elev.nextkbh.dk\/wp-content\/uploads\/2025\/09\/1000015696-3-scaled.jpg 1920w\" sizes=\"auto, (max-width: 768px) 100vw, 768px\" \/><\/figure><\/div>\n\n\n\n<p>Opgaven l\u00e6rte mig meget om stilfortolkning og at overs\u00e6tte \u00e6ldre formsprog til et moderne, digitalt udtryk. Art Nouveau<\/p>\n\n\n\n<p>bruge meget organiske, l\u00f8se og legende linjer, mens vektor er opbygget p\u00e5 matematiske lininger, som helst vil forblive<\/p>\n\n\n\n<p>rette og geometrisk.<\/p>\n\n\n\n<p>Jeg l\u00e6rte ogs\u00e5, at arbejde med forskellige design processer og hvor meget det p\u00e5virker den overordenede processe.<\/p>\n\n\n\n<p><\/p>\n","protected":false},"excerpt":{"rendered":"<p>Opgave beskrivelse i mere dybde I denne opgave skulle jeg design en plakat til Nationalmuesset med temaet &#8220;Danskernes N\u00e6rmilj\u00f8&#8221;. Form\u00e5let var at skabe et visuelt indblik i hverdagen d\u00e9r, hvor man bor, og vise et personeligt perspektiv p\u00e5 det n\u00e6re milj\u00f8 gennem design og formidling Plakaten skulle udf\u00f8res som vektorgrafik i Adobe Illustrator og designes [&hellip;]<\/p>\n","protected":false},"author":1,"featured_media":0,"parent":12,"menu_order":0,"comment_status":"closed","ping_status":"closed","template":"","meta":{"footnotes":""},"class_list":["post-100","page","type-page","status-publish","hentry"],"_links":{"self":[{"href":"https:\/\/next39809.elev.nextkbh.dk\/index.php?rest_route=\/wp\/v2\/pages\/100","targetHints":{"allow":["GET"]}}],"collection":[{"href":"https:\/\/next39809.elev.nextkbh.dk\/index.php?rest_route=\/wp\/v2\/pages"}],"about":[{"href":"https:\/\/next39809.elev.nextkbh.dk\/index.php?rest_route=\/wp\/v2\/types\/page"}],"author":[{"embeddable":true,"href":"https:\/\/next39809.elev.nextkbh.dk\/index.php?rest_route=\/wp\/v2\/users\/1"}],"replies":[{"embeddable":true,"href":"https:\/\/next39809.elev.nextkbh.dk\/index.php?rest_route=%2Fwp%2Fv2%2Fcomments&post=100"}],"version-history":[{"count":8,"href":"https:\/\/next39809.elev.nextkbh.dk\/index.php?rest_route=\/wp\/v2\/pages\/100\/revisions"}],"predecessor-version":[{"id":411,"href":"https:\/\/next39809.elev.nextkbh.dk\/index.php?rest_route=\/wp\/v2\/pages\/100\/revisions\/411"}],"up":[{"embeddable":true,"href":"https:\/\/next39809.elev.nextkbh.dk\/index.php?rest_route=\/wp\/v2\/pages\/12"}],"wp:attachment":[{"href":"https:\/\/next39809.elev.nextkbh.dk\/index.php?rest_route=%2Fwp%2Fv2%2Fmedia&parent=100"}],"curies":[{"name":"wp","href":"https:\/\/api.w.org\/{rel}","templated":true}]}}